{"id":7317,"date":"2024-08-10T15:47:58","date_gmt":"2024-08-10T15:47:58","guid":{"rendered":"https:\/\/side-car.ca\/?page_id=7317"},"modified":"2026-01-05T16:56:13","modified_gmt":"2026-01-05T21:56:13","slug":"contact","status":"publish","type":"page","link":"https:\/\/side-car.ca\/fr\/contact\/","title":{"rendered":"Contact"},"content":{"rendered":"\t\t<div data-elementor-type=\"wp-page\" data-elementor-id=\"7317\" class=\"elementor elementor-7317\" data-elementor-post-type=\"page\">\n\t\t\t\t<div class=\"elementor-element elementor-element-4f1a508 e-flex e-con-boxed e-con e-parent\" data-id=\"4f1a508\" data-element_type=\"container\" data-settings=\"{&quot;background_background&quot;:&quot;classic&quot;}\">\n\t\t\t\t\t<div class=\"e-con-inner\">\n\t\t<div class=\"elementor-element elementor-element-84ea305 e-con-full e-flex e-con e-child\" data-id=\"84ea305\" data-element_type=\"container\" data-settings=\"{&quot;background_background&quot;:&quot;classic&quot;}\">\n\t\t<div class=\"elementor-element elementor-element-4263aed e-flex e-con-boxed e-con e-child\" data-id=\"4263aed\" data-element_type=\"container\" data-settings=\"{&quot;background_background&quot;:&quot;classic&quot;}\">\n\t\t\t\t\t<div class=\"e-con-inner\">\n\t\t\t\t<div class=\"elementor-element elementor-element-511d452 elementor-widget elementor-widget-heading\" data-id=\"511d452\" data-element_type=\"widget\" data-widget_type=\"heading.default\">\n\t\t\t\t<div class=\"elementor-widget-container\">\n\t\t\t<h1 class=\"elementor-heading-title elementor-size-default\">Contactez-nous pour \ndiscuter de vos projets<\/h1>\t\t<\/div>\n\t\t\t\t<\/div>\n\t\t\t\t<div class=\"elementor-element elementor-element-a8fa5c3 elementor-widget elementor-widget-heading\" data-id=\"a8fa5c3\" data-element_type=\"widget\" data-widget_type=\"heading.default\">\n\t\t\t\t<div class=\"elementor-widget-container\">\n\t\t\t<p class=\"elementor-heading-title elementor-size-default\">1209 - 200 Andr\u00e9-Pr\u00e9vost<br>Verdun, Qc<br>H3E 0E5<\/p>\t\t<\/div>\n\t\t\t\t<\/div>\n\t\t\t\t<div class=\"elementor-element elementor-element-9b081b5 elementor-widget elementor-widget-text-editor\" data-id=\"9b081b5\" data-element_type=\"widget\" data-widget_type=\"text-editor.default\">\n\t\t\t\t<div class=\"elementor-widget-container\">\n\t\t\t\t\t\t\t<p><a style=\"font-size: 30px;\" href=\"tel:+15148351708\">514-835-1708<\/a><br \/><a href=\"mailto:info@side-car.ca\">info@side-car.ca<\/a><\/p>\t\t\t\t\t\t<\/div>\n\t\t\t\t<\/div>\n\t\t\t\t\t<\/div>\n\t\t\t\t<\/div>\n\t\t\t\t<div class=\"elementor-element elementor-element-de36368 elementor-widget elementor-widget-image\" data-id=\"de36368\" data-element_type=\"widget\" data-widget_type=\"image.default\">\n\t\t\t\t<div class=\"elementor-widget-container\">\n\t\t\t\t\t\t\t\t\t\t\t\t\t<img fetchpriority=\"high\" decoding=\"async\" width=\"462\" height=\"153\" src=\"https:\/\/side-car.ca\/wp-content\/uploads\/2024\/08\/IMG-1_Mesa-de-trabajo-1-01-vA-01.png\" class=\"attachment-large size-large wp-image-7329\" alt=\"\" srcset=\"https:\/\/side-car.ca\/wp-content\/uploads\/2024\/08\/IMG-1_Mesa-de-trabajo-1-01-vA-01.png 462w, https:\/\/side-car.ca\/wp-content\/uploads\/2024\/08\/IMG-1_Mesa-de-trabajo-1-01-vA-01-300x99.png 300w\" sizes=\"(max-width: 462px) 100vw, 462px\" \/>\t\t\t\t\t\t\t\t\t\t\t\t\t<\/div>\n\t\t\t\t<\/div>\n\t\t\t\t<\/div>\n\t\t<div class=\"elementor-element elementor-element-88b8968 e-con-full e-flex e-con e-child\" data-id=\"88b8968\" data-element_type=\"container\">\n\t\t\t\t<div class=\"elementor-element elementor-element-226a424 elementor-button-align-start elementor-widget elementor-widget-form\" data-id=\"226a424\" data-element_type=\"widget\" data-settings=\"{&quot;button_width&quot;:&quot;50&quot;,&quot;step_next_label&quot;:&quot;Next&quot;,&quot;step_previous_label&quot;:&quot;Previous&quot;,&quot;step_type&quot;:&quot;number_text&quot;,&quot;step_icon_shape&quot;:&quot;circle&quot;}\" data-widget_type=\"form.default\">\n\t\t\t\t<div class=\"elementor-widget-container\">\n\t\t\t\t\t<form class=\"elementor-form\" method=\"post\" name=\"New Form\">\n\t\t\t<input type=\"hidden\" name=\"post_id\" value=\"7317\"\/>\n\t\t\t<input type=\"hidden\" name=\"form_id\" value=\"226a424\"\/>\n\t\t\t<input type=\"hidden\" name=\"referer_title\" value=\"Side-Car\" \/>\n\n\t\t\t\n\t\t\t<div class=\"elementor-form-fields-wrapper elementor-labels-above\">\n\t\t\t\t\t\t\t\t<div class=\"elementor-field-type-text elementor-field-group elementor-column elementor-field-group-name elementor-col-100 elementor-field-required\">\n\t\t\t\t\t\t\t\t\t\t\t\t<label for=\"form-field-name\" class=\"elementor-field-label\">\n\t\t\t\t\t\t\t\tNOM*\t\t\t\t\t\t\t<\/label>\n\t\t\t\t\t\t\t\t\t\t\t\t\t\t<input size=\"1\" type=\"text\" name=\"form_fields[name]\" id=\"form-field-name\" class=\"elementor-field elementor-size-sm  elementor-field-textual\" required=\"required\" aria-required=\"true\">\n\t\t\t\t\t\t\t\t\t\t\t<\/div>\n\t\t\t\t\t\t\t\t<div class=\"elementor-field-type-text elementor-field-group elementor-column elementor-field-group-email elementor-col-100 elementor-field-required\">\n\t\t\t\t\t\t\t\t\t\t\t\t<label for=\"form-field-email\" class=\"elementor-field-label\">\n\t\t\t\t\t\t\t\tENTREPRISE\t\t\t\t\t\t\t<\/label>\n\t\t\t\t\t\t\t\t\t\t\t\t\t\t<input size=\"1\" type=\"text\" name=\"form_fields[email]\" id=\"form-field-email\" class=\"elementor-field elementor-size-sm  elementor-field-textual\" required=\"required\" aria-required=\"true\">\n\t\t\t\t\t\t\t\t\t\t\t<\/div>\n\t\t\t\t\t\t\t\t<div class=\"elementor-field-type-text elementor-field-group elementor-column elementor-field-group-message elementor-col-100 elementor-field-required\">\n\t\t\t\t\t\t\t\t\t\t\t\t<label for=\"form-field-message\" class=\"elementor-field-label\">\n\t\t\t\t\t\t\t\tCOURRIEL*\t\t\t\t\t\t\t<\/label>\n\t\t\t\t\t\t\t\t\t\t\t\t\t\t<input size=\"1\" type=\"text\" name=\"form_fields[message]\" id=\"form-field-message\" class=\"elementor-field elementor-size-sm  elementor-field-textual\" required=\"required\" aria-required=\"true\">\n\t\t\t\t\t\t\t\t\t\t\t<\/div>\n\t\t\t\t\t\t\t\t<div class=\"elementor-field-type-tel elementor-field-group elementor-column elementor-field-group-field_e8715bc elementor-col-100 elementor-field-required\">\n\t\t\t\t\t\t\t\t\t\t\t\t<label for=\"form-field-field_e8715bc\" class=\"elementor-field-label\">\n\t\t\t\t\t\t\t\tT\u00c9L\u00c9PHONE*\t\t\t\t\t\t\t<\/label>\n\t\t\t\t\t\t\t\t<input size=\"1\" type=\"tel\" name=\"form_fields[field_e8715bc]\" id=\"form-field-field_e8715bc\" class=\"elementor-field elementor-size-sm  elementor-field-textual\" required=\"required\" aria-required=\"true\" pattern=\"[0-9()#&amp;+*-=.]+\" title=\"Seuls les caract\u00e8res de num\u00e9ros de t\u00e9l\u00e9phone (#, -, *, etc.) sont accept\u00e9s.\">\n\n\t\t\t\t\t\t<\/div>\n\t\t\t\t\t\t\t\t<div class=\"elementor-field-type-text elementor-field-group elementor-column elementor-field-group-field_b1f04bc elementor-col-100 elementor-field-required\">\n\t\t\t\t\t\t\t\t\t\t\t\t<label for=\"form-field-field_b1f04bc\" class=\"elementor-field-label\">\n\t\t\t\t\t\t\t\tD\u00c9TAILS DE VOTRE PROJET*\t\t\t\t\t\t\t<\/label>\n\t\t\t\t\t\t\t\t\t\t\t\t\t\t<input size=\"1\" type=\"text\" name=\"form_fields[field_b1f04bc]\" id=\"form-field-field_b1f04bc\" class=\"elementor-field elementor-size-sm  elementor-field-textual\" required=\"required\" aria-required=\"true\">\n\t\t\t\t\t\t\t\t\t\t\t<\/div>\n\t\t\t\t\t\t\t\t<div class=\"elementor-field-type-recaptcha_v3 elementor-field-group elementor-column elementor-field-group-field_6645c56 elementor-col-100 recaptcha_v3-bottomleft\">\n\t\t\t\t\t<div class=\"elementor-field\" id=\"form-field-field_6645c56\"><div class=\"elementor-g-recaptcha\" data-sitekey=\"6Ld3DkEsAAAAACbkhmNx26MnMyCEKPxGwCjv-ScO\" data-type=\"v3\" data-action=\"Form\" data-badge=\"bottomleft\" data-size=\"invisible\"><\/div><\/div>\t\t\t\t<\/div>\n\t\t\t\t\t\t\t\t<div class=\"elementor-field-group elementor-column elementor-field-type-submit elementor-col-50 e-form__buttons\">\n\t\t\t\t\t<button class=\"elementor-button elementor-size-sm\" type=\"submit\">\n\t\t\t\t\t\t<span class=\"elementor-button-content-wrapper\">\n\t\t\t\t\t\t\t\t\t\t\t\t\t\t\t\t\t\t\t\t\t\t<span class=\"elementor-button-text\">C\u00b4EST PARTI<\/span>\n\t\t\t\t\t\t\t\t\t\t\t\t\t<\/span>\n\t\t\t\t\t<\/button>\n\t\t\t\t<\/div>\n\t\t\t<\/div>\n\t\t<\/form>\n\t\t\t\t<\/div>\n\t\t\t\t<\/div>\n\t\t\t\t<\/div>\n\t\t\t\t\t<\/div>\n\t\t\t\t<\/div>\n\t\t\t\t<\/div>\n\t\t","protected":false},"excerpt":{"rendered":"<p>Contactez-nous pour discuter de vos projets 1209 &#8211; 200 Andr\u00e9-Pr\u00e9vostVerdun, QcH3E 0E5 514-835-1708info@side-car.ca<\/p>\n","protected":false},"author":1,"featured_media":0,"parent":0,"menu_order":0,"comment_status":"closed","ping_status":"closed","template":"elementor_header_footer","meta":{"_acf_changed":false,"inline_featured_image":false,"footnotes":""},"class_list":["post-7317","page","type-page","status-publish","hentry"],"acf":[],"yoast_head":"<!-- This site is optimized with the Yoast SEO plugin v27.4 - https:\/\/yoast.com\/product\/yoast-seo-wordpress\/ -->\n<title>Contact | Side-Car<\/title>\n<meta name=\"description\" content=\"Contactez Side-Car pour des solutions en publicit\u00e9, image de marque et marketing. Discutez avec notre \u00e9quipe et donnez vie \u00e0 vos id\u00e9es d\u00e8s aujourd&#039;hui.\" \/>\n<meta name=\"robots\" content=\"index, follow, max-snippet:-1, max-image-preview:large, max-video-preview:-1\" \/>\n<link rel=\"canonical\" href=\"https:\/\/side-car.ca\/fr\/contact\/\" \/>\n<meta property=\"og:locale\" content=\"fr_CA\" \/>\n<meta property=\"og:type\" content=\"article\" \/>\n<meta property=\"og:title\" content=\"Contact | Side-Car\" \/>\n<meta property=\"og:description\" content=\"Contactez Side-Car pour des solutions en publicit\u00e9, image de marque et marketing. Discutez avec notre \u00e9quipe et donnez vie \u00e0 vos id\u00e9es d\u00e8s aujourd&#039;hui.\" \/>\n<meta property=\"og:url\" content=\"https:\/\/side-car.ca\/fr\/contact\/\" \/>\n<meta property=\"og:site_name\" content=\"Side-Car\" \/>\n<meta property=\"article:publisher\" content=\"https:\/\/www.facebook.com\/AgenceSideCar\" \/>\n<meta property=\"article:modified_time\" content=\"2026-01-05T21:56:13+00:00\" \/>\n<meta property=\"og:image\" content=\"https:\/\/side-car.ca\/wp-content\/uploads\/2024\/08\/IMG-1_Mesa-de-trabajo-1-01-vA-01.png\" \/>\n\t<meta property=\"og:image:width\" content=\"462\" \/>\n\t<meta property=\"og:image:height\" content=\"153\" \/>\n\t<meta property=\"og:image:type\" content=\"image\/png\" \/>\n<meta name=\"twitter:card\" content=\"summary_large_image\" \/>\n<meta name=\"twitter:label1\" content=\"Estimation du temps de lecture\" \/>\n\t<meta name=\"twitter:data1\" content=\"1 minute\" \/>\n<script type=\"application\/ld+json\" class=\"yoast-schema-graph\">{\"@context\":\"https:\\\/\\\/schema.org\",\"@graph\":[{\"@type\":[\"WebPage\",\"ContactPage\"],\"@id\":\"https:\\\/\\\/side-car.ca\\\/fr\\\/contact\\\/\",\"url\":\"https:\\\/\\\/side-car.ca\\\/fr\\\/contact\\\/\",\"name\":\"Contact | Side-Car\",\"isPartOf\":{\"@id\":\"https:\\\/\\\/side-car.ca\\\/fr\\\/#website\"},\"primaryImageOfPage\":{\"@id\":\"https:\\\/\\\/side-car.ca\\\/fr\\\/contact\\\/#primaryimage\"},\"image\":{\"@id\":\"https:\\\/\\\/side-car.ca\\\/fr\\\/contact\\\/#primaryimage\"},\"thumbnailUrl\":\"https:\\\/\\\/side-car.ca\\\/wp-content\\\/uploads\\\/2024\\\/08\\\/IMG-1_Mesa-de-trabajo-1-01-vA-01.png\",\"datePublished\":\"2024-08-10T15:47:58+00:00\",\"dateModified\":\"2026-01-05T21:56:13+00:00\",\"description\":\"Contactez Side-Car pour des solutions en publicit\u00e9, image de marque et marketing. Discutez avec notre \u00e9quipe et donnez vie \u00e0 vos id\u00e9es d\u00e8s aujourd'hui.\",\"breadcrumb\":{\"@id\":\"https:\\\/\\\/side-car.ca\\\/fr\\\/contact\\\/#breadcrumb\"},\"inLanguage\":\"fr-CA\",\"potentialAction\":[{\"@type\":\"ReadAction\",\"target\":[\"https:\\\/\\\/side-car.ca\\\/fr\\\/contact\\\/\"]}]},{\"@type\":\"ImageObject\",\"inLanguage\":\"fr-CA\",\"@id\":\"https:\\\/\\\/side-car.ca\\\/fr\\\/contact\\\/#primaryimage\",\"url\":\"https:\\\/\\\/side-car.ca\\\/wp-content\\\/uploads\\\/2024\\\/08\\\/IMG-1_Mesa-de-trabajo-1-01-vA-01.png\",\"contentUrl\":\"https:\\\/\\\/side-car.ca\\\/wp-content\\\/uploads\\\/2024\\\/08\\\/IMG-1_Mesa-de-trabajo-1-01-vA-01.png\"},{\"@type\":\"BreadcrumbList\",\"@id\":\"https:\\\/\\\/side-car.ca\\\/fr\\\/contact\\\/#breadcrumb\",\"itemListElement\":[{\"@type\":\"ListItem\",\"position\":1,\"name\":\"Accueil\",\"item\":\"https:\\\/\\\/side-car.ca\\\/fr\\\/\"},{\"@type\":\"ListItem\",\"position\":2,\"name\":\"Contact\"}]},{\"@type\":\"WebSite\",\"@id\":\"https:\\\/\\\/side-car.ca\\\/fr\\\/#website\",\"url\":\"https:\\\/\\\/side-car.ca\\\/fr\\\/\",\"name\":\"Agence Side-Car\",\"description\":\"Nous sommes sp\u00e9cialis\u00e9s en communication, marketing et num\u00e9rique.\",\"publisher\":{\"@id\":\"https:\\\/\\\/side-car.ca\\\/fr\\\/#organization\"},\"alternateName\":\"Side-Car\",\"potentialAction\":[{\"@type\":\"SearchAction\",\"target\":{\"@type\":\"EntryPoint\",\"urlTemplate\":\"https:\\\/\\\/side-car.ca\\\/fr\\\/?s={search_term_string}\"},\"query-input\":{\"@type\":\"PropertyValueSpecification\",\"valueRequired\":true,\"valueName\":\"search_term_string\"}}],\"inLanguage\":\"fr-CA\"},{\"@type\":\"Organization\",\"@id\":\"https:\\\/\\\/side-car.ca\\\/fr\\\/#organization\",\"name\":\"Side-Car\",\"url\":\"https:\\\/\\\/side-car.ca\\\/fr\\\/\",\"logo\":{\"@type\":\"ImageObject\",\"inLanguage\":\"fr-CA\",\"@id\":\"https:\\\/\\\/side-car.ca\\\/fr\\\/#\\\/schema\\\/logo\\\/image\\\/\",\"url\":\"https:\\\/\\\/side-car.ca\\\/wp-content\\\/uploads\\\/2024\\\/10\\\/Favicon.png\",\"contentUrl\":\"https:\\\/\\\/side-car.ca\\\/wp-content\\\/uploads\\\/2024\\\/10\\\/Favicon.png\",\"width\":1920,\"height\":1920,\"caption\":\"Side-Car\"},\"image\":{\"@id\":\"https:\\\/\\\/side-car.ca\\\/fr\\\/#\\\/schema\\\/logo\\\/image\\\/\"},\"sameAs\":[\"https:\\\/\\\/www.facebook.com\\\/AgenceSideCar\",\"https:\\\/\\\/www.linkedin.com\\\/company\\\/agencesidecar\\\/\",\"https:\\\/\\\/www.instagram.com\\\/sidecaragence\\\/\"]}]}<\/script>\n<!-- \/ Yoast SEO plugin. -->","yoast_head_json":{"title":"Contact | Side-Car","description":"Contactez Side-Car pour des solutions en publicit\u00e9, image de marque et marketing. Discutez avec notre \u00e9quipe et donnez vie \u00e0 vos id\u00e9es d\u00e8s aujourd'hui.","robots":{"index":"index","follow":"follow","max-snippet":"max-snippet:-1","max-image-preview":"max-image-preview:large","max-video-preview":"max-video-preview:-1"},"canonical":"https:\/\/side-car.ca\/fr\/contact\/","og_locale":"fr_CA","og_type":"article","og_title":"Contact | Side-Car","og_description":"Contactez Side-Car pour des solutions en publicit\u00e9, image de marque et marketing. Discutez avec notre \u00e9quipe et donnez vie \u00e0 vos id\u00e9es d\u00e8s aujourd'hui.","og_url":"https:\/\/side-car.ca\/fr\/contact\/","og_site_name":"Side-Car","article_publisher":"https:\/\/www.facebook.com\/AgenceSideCar","article_modified_time":"2026-01-05T21:56:13+00:00","og_image":[{"width":462,"height":153,"url":"https:\/\/side-car.ca\/wp-content\/uploads\/2024\/08\/IMG-1_Mesa-de-trabajo-1-01-vA-01.png","type":"image\/png"}],"twitter_card":"summary_large_image","twitter_misc":{"Estimation du temps de lecture":"1 minute"},"schema":{"@context":"https:\/\/schema.org","@graph":[{"@type":["WebPage","ContactPage"],"@id":"https:\/\/side-car.ca\/fr\/contact\/","url":"https:\/\/side-car.ca\/fr\/contact\/","name":"Contact | Side-Car","isPartOf":{"@id":"https:\/\/side-car.ca\/fr\/#website"},"primaryImageOfPage":{"@id":"https:\/\/side-car.ca\/fr\/contact\/#primaryimage"},"image":{"@id":"https:\/\/side-car.ca\/fr\/contact\/#primaryimage"},"thumbnailUrl":"https:\/\/side-car.ca\/wp-content\/uploads\/2024\/08\/IMG-1_Mesa-de-trabajo-1-01-vA-01.png","datePublished":"2024-08-10T15:47:58+00:00","dateModified":"2026-01-05T21:56:13+00:00","description":"Contactez Side-Car pour des solutions en publicit\u00e9, image de marque et marketing. Discutez avec notre \u00e9quipe et donnez vie \u00e0 vos id\u00e9es d\u00e8s aujourd'hui.","breadcrumb":{"@id":"https:\/\/side-car.ca\/fr\/contact\/#breadcrumb"},"inLanguage":"fr-CA","potentialAction":[{"@type":"ReadAction","target":["https:\/\/side-car.ca\/fr\/contact\/"]}]},{"@type":"ImageObject","inLanguage":"fr-CA","@id":"https:\/\/side-car.ca\/fr\/contact\/#primaryimage","url":"https:\/\/side-car.ca\/wp-content\/uploads\/2024\/08\/IMG-1_Mesa-de-trabajo-1-01-vA-01.png","contentUrl":"https:\/\/side-car.ca\/wp-content\/uploads\/2024\/08\/IMG-1_Mesa-de-trabajo-1-01-vA-01.png"},{"@type":"BreadcrumbList","@id":"https:\/\/side-car.ca\/fr\/contact\/#breadcrumb","itemListElement":[{"@type":"ListItem","position":1,"name":"Accueil","item":"https:\/\/side-car.ca\/fr\/"},{"@type":"ListItem","position":2,"name":"Contact"}]},{"@type":"WebSite","@id":"https:\/\/side-car.ca\/fr\/#website","url":"https:\/\/side-car.ca\/fr\/","name":"Agence Side-Car","description":"Nous sommes sp\u00e9cialis\u00e9s en communication, marketing et num\u00e9rique.","publisher":{"@id":"https:\/\/side-car.ca\/fr\/#organization"},"alternateName":"Side-Car","potentialAction":[{"@type":"SearchAction","target":{"@type":"EntryPoint","urlTemplate":"https:\/\/side-car.ca\/fr\/?s={search_term_string}"},"query-input":{"@type":"PropertyValueSpecification","valueRequired":true,"valueName":"search_term_string"}}],"inLanguage":"fr-CA"},{"@type":"Organization","@id":"https:\/\/side-car.ca\/fr\/#organization","name":"Side-Car","url":"https:\/\/side-car.ca\/fr\/","logo":{"@type":"ImageObject","inLanguage":"fr-CA","@id":"https:\/\/side-car.ca\/fr\/#\/schema\/logo\/image\/","url":"https:\/\/side-car.ca\/wp-content\/uploads\/2024\/10\/Favicon.png","contentUrl":"https:\/\/side-car.ca\/wp-content\/uploads\/2024\/10\/Favicon.png","width":1920,"height":1920,"caption":"Side-Car"},"image":{"@id":"https:\/\/side-car.ca\/fr\/#\/schema\/logo\/image\/"},"sameAs":["https:\/\/www.facebook.com\/AgenceSideCar","https:\/\/www.linkedin.com\/company\/agencesidecar\/","https:\/\/www.instagram.com\/sidecaragence\/"]}]}},"_links":{"self":[{"href":"https:\/\/side-car.ca\/fr\/wp-json\/wp\/v2\/pages\/7317","targetHints":{"allow":["GET"]}}],"collection":[{"href":"https:\/\/side-car.ca\/fr\/wp-json\/wp\/v2\/pages"}],"about":[{"href":"https:\/\/side-car.ca\/fr\/wp-json\/wp\/v2\/types\/page"}],"author":[{"embeddable":true,"href":"https:\/\/side-car.ca\/fr\/wp-json\/wp\/v2\/users\/1"}],"replies":[{"embeddable":true,"href":"https:\/\/side-car.ca\/fr\/wp-json\/wp\/v2\/comments?post=7317"}],"version-history":[{"count":20,"href":"https:\/\/side-car.ca\/fr\/wp-json\/wp\/v2\/pages\/7317\/revisions"}],"predecessor-version":[{"id":10661,"href":"https:\/\/side-car.ca\/fr\/wp-json\/wp\/v2\/pages\/7317\/revisions\/10661"}],"wp:attachment":[{"href":"https:\/\/side-car.ca\/fr\/wp-json\/wp\/v2\/media?parent=7317"}],"curies":[{"name":"wp","href":"https:\/\/api.w.org\/{rel}","templated":true}]}}