{"id":10233,"date":"2023-02-06T16:16:59","date_gmt":"2023-02-06T21:16:59","guid":{"rendered":"https:\/\/side-car.ca\/?page_id=10233"},"modified":"2024-12-04T10:51:55","modified_gmt":"2024-12-04T15:51:55","slug":"404-2","status":"publish","type":"page","link":"https:\/\/side-car.ca\/en\/404-2\/","title":{"rendered":"404"},"content":{"rendered":"\t\t<div data-elementor-type=\"wp-page\" data-elementor-id=\"10233\" class=\"elementor elementor-10233 elementor-6202\" data-elementor-post-type=\"page\">\n\t\t\t\t\t\t<section class=\"elementor-section elementor-top-section elementor-element elementor-element-3dfadc8c elementor-section-height-min-height elementor-section-content-middle elementor-section-boxed elementor-section-height-default elementor-section-items-middle\" data-id=\"3dfadc8c\" data-element_type=\"section\" data-settings=\"{&quot;background_background&quot;:&quot;classic&quot;}\">\n\t\t\t\t\t\t\t<div class=\"elementor-background-overlay\"><\/div>\n\t\t\t\t\t\t\t<div class=\"elementor-container elementor-column-gap-wider\">\n\t\t\t\t\t<div class=\"elementor-column elementor-col-100 elementor-top-column elementor-element elementor-element-60b0c852\" data-id=\"60b0c852\" data-element_type=\"column\">\n\t\t\t<div class=\"elementor-widget-wrap elementor-element-populated\">\n\t\t\t\t\t\t<div class=\"elementor-element elementor-element-33525d25 elementor-widget elementor-widget-heading\" data-id=\"33525d25\" data-element_type=\"widget\" data-widget_type=\"heading.default\">\n\t\t\t\t<div class=\"elementor-widget-container\">\n\t\t\t<p class=\"elementor-heading-title elementor-size-default\">404<\/p>\t\t<\/div>\n\t\t\t\t<\/div>\n\t\t\t\t<div class=\"elementor-element elementor-element-574d627d elementor-widget elementor-widget-heading\" data-id=\"574d627d\" data-element_type=\"widget\" data-widget_type=\"heading.default\">\n\t\t\t\t<div class=\"elementor-widget-container\">\n\t\t\t<h3 class=\"elementor-heading-title elementor-size-default\">Oops! Page not found<\/h3>\t\t<\/div>\n\t\t\t\t<\/div>\n\t\t\t\t<div class=\"elementor-element elementor-element-cbb339e elementor-mobile-align-center elementor-widget elementor-widget-button\" data-id=\"cbb339e\" data-element_type=\"widget\" data-widget_type=\"button.default\">\n\t\t\t\t<div class=\"elementor-widget-container\">\n\t\t\t\t\t<div class=\"elementor-button-wrapper\">\n\t\t\t<a class=\"elementor-button elementor-button-link elementor-size-lg\" href=\"https:\/\/side-car.ca\/en\/\">\n\t\t\t\t\t\t<span class=\"elementor-button-content-wrapper\">\n\t\t\t\t\t\t\t\t\t<span class=\"elementor-button-text\">Home<\/span>\n\t\t\t\t\t<\/span>\n\t\t\t\t\t<\/a>\n\t\t<\/div>\n\t\t\t\t<\/div>\n\t\t\t\t<\/div>\n\t\t\t\t\t<\/div>\n\t\t<\/div>\n\t\t\t\t\t<\/div>\n\t\t<\/section>\n\t\t\t\t<\/div>\n\t\t","protected":false},"excerpt":{"rendered":"<p>404 Oops! Page not found Home<\/p>\n","protected":false},"author":1,"featured_media":0,"parent":0,"menu_order":0,"comment_status":"closed","ping_status":"closed","template":"","meta":{"_acf_changed":false,"inline_featured_image":false,"footnotes":""},"class_list":["post-10233","page","type-page","status-publish","hentry"],"acf":[],"yoast_head":"<!-- This site is optimized with the Yoast SEO plugin v27.5 - https:\/\/yoast.com\/product\/yoast-seo-wordpress\/ -->\n<title>404 | Side-Car<\/title>\n<meta name=\"description\" content=\"Oops! Page not found.\" \/>\n<meta name=\"robots\" content=\"index, follow, max-snippet:-1, max-image-preview:large, max-video-preview:-1\" \/>\n<link rel=\"canonical\" href=\"https:\/\/side-car.ca\/en\/404-2\/\" \/>\n<meta property=\"og:locale\" content=\"en_US\" \/>\n<meta property=\"og:type\" content=\"article\" \/>\n<meta property=\"og:title\" content=\"404 | Side-Car\" \/>\n<meta property=\"og:description\" content=\"Oops! Page not found.\" \/>\n<meta property=\"og:url\" content=\"https:\/\/side-car.ca\/en\/404-2\/\" \/>\n<meta property=\"og:site_name\" content=\"Side-Car\" \/>\n<meta property=\"article:publisher\" content=\"https:\/\/www.facebook.com\/AgenceSideCar\" \/>\n<meta property=\"article:modified_time\" content=\"2024-12-04T15:51:55+00:00\" \/>\n<meta name=\"twitter:card\" content=\"summary_large_image\" \/>\n<meta name=\"twitter:label1\" content=\"Est. reading time\" \/>\n\t<meta name=\"twitter:data1\" content=\"1 minute\" \/>\n<script type=\"application\/ld+json\" class=\"yoast-schema-graph\">{\"@context\":\"https:\\\/\\\/schema.org\",\"@graph\":[{\"@type\":\"WebPage\",\"@id\":\"https:\\\/\\\/side-car.ca\\\/en\\\/404-2\\\/\",\"url\":\"https:\\\/\\\/side-car.ca\\\/en\\\/404-2\\\/\",\"name\":\"404 | Side-Car\",\"isPartOf\":{\"@id\":\"https:\\\/\\\/side-car.ca\\\/en\\\/#website\"},\"datePublished\":\"2023-02-06T21:16:59+00:00\",\"dateModified\":\"2024-12-04T15:51:55+00:00\",\"description\":\"Oops! Page not found.\",\"breadcrumb\":{\"@id\":\"https:\\\/\\\/side-car.ca\\\/en\\\/404-2\\\/#breadcrumb\"},\"inLanguage\":\"en-CA\",\"potentialAction\":[{\"@type\":\"ReadAction\",\"target\":[\"https:\\\/\\\/side-car.ca\\\/en\\\/404-2\\\/\"]}]},{\"@type\":\"BreadcrumbList\",\"@id\":\"https:\\\/\\\/side-car.ca\\\/en\\\/404-2\\\/#breadcrumb\",\"itemListElement\":[{\"@type\":\"ListItem\",\"position\":1,\"name\":\"Accueil\",\"item\":\"https:\\\/\\\/side-car.ca\\\/en\\\/\"},{\"@type\":\"ListItem\",\"position\":2,\"name\":\"404\"}]},{\"@type\":\"WebSite\",\"@id\":\"https:\\\/\\\/side-car.ca\\\/en\\\/#website\",\"url\":\"https:\\\/\\\/side-car.ca\\\/en\\\/\",\"name\":\"Agence Side-Car\",\"description\":\"Nous sommes sp\u00e9cialis\u00e9s en communication, marketing et num\u00e9rique.\",\"publisher\":{\"@id\":\"https:\\\/\\\/side-car.ca\\\/en\\\/#organization\"},\"alternateName\":\"Side-Car\",\"potentialAction\":[{\"@type\":\"SearchAction\",\"target\":{\"@type\":\"EntryPoint\",\"urlTemplate\":\"https:\\\/\\\/side-car.ca\\\/en\\\/?s={search_term_string}\"},\"query-input\":{\"@type\":\"PropertyValueSpecification\",\"valueRequired\":true,\"valueName\":\"search_term_string\"}}],\"inLanguage\":\"en-CA\"},{\"@type\":\"Organization\",\"@id\":\"https:\\\/\\\/side-car.ca\\\/en\\\/#organization\",\"name\":\"Side-Car\",\"url\":\"https:\\\/\\\/side-car.ca\\\/en\\\/\",\"logo\":{\"@type\":\"ImageObject\",\"inLanguage\":\"en-CA\",\"@id\":\"https:\\\/\\\/side-car.ca\\\/en\\\/#\\\/schema\\\/logo\\\/image\\\/\",\"url\":\"https:\\\/\\\/side-car.ca\\\/wp-content\\\/uploads\\\/2024\\\/10\\\/Favicon.png\",\"contentUrl\":\"https:\\\/\\\/side-car.ca\\\/wp-content\\\/uploads\\\/2024\\\/10\\\/Favicon.png\",\"width\":1920,\"height\":1920,\"caption\":\"Side-Car\"},\"image\":{\"@id\":\"https:\\\/\\\/side-car.ca\\\/en\\\/#\\\/schema\\\/logo\\\/image\\\/\"},\"sameAs\":[\"https:\\\/\\\/www.facebook.com\\\/AgenceSideCar\",\"https:\\\/\\\/www.linkedin.com\\\/company\\\/agencesidecar\\\/\",\"https:\\\/\\\/www.instagram.com\\\/sidecaragence\\\/\"]}]}<\/script>\n<!-- \/ Yoast SEO plugin. -->","yoast_head_json":{"title":"404 | Side-Car","description":"Oops! Page not found.","robots":{"index":"index","follow":"follow","max-snippet":"max-snippet:-1","max-image-preview":"max-image-preview:large","max-video-preview":"max-video-preview:-1"},"canonical":"https:\/\/side-car.ca\/en\/404-2\/","og_locale":"en_US","og_type":"article","og_title":"404 | Side-Car","og_description":"Oops! Page not found.","og_url":"https:\/\/side-car.ca\/en\/404-2\/","og_site_name":"Side-Car","article_publisher":"https:\/\/www.facebook.com\/AgenceSideCar","article_modified_time":"2024-12-04T15:51:55+00:00","twitter_card":"summary_large_image","twitter_misc":{"Est. reading time":"1 minute"},"schema":{"@context":"https:\/\/schema.org","@graph":[{"@type":"WebPage","@id":"https:\/\/side-car.ca\/en\/404-2\/","url":"https:\/\/side-car.ca\/en\/404-2\/","name":"404 | Side-Car","isPartOf":{"@id":"https:\/\/side-car.ca\/en\/#website"},"datePublished":"2023-02-06T21:16:59+00:00","dateModified":"2024-12-04T15:51:55+00:00","description":"Oops! Page not found.","breadcrumb":{"@id":"https:\/\/side-car.ca\/en\/404-2\/#breadcrumb"},"inLanguage":"en-CA","potentialAction":[{"@type":"ReadAction","target":["https:\/\/side-car.ca\/en\/404-2\/"]}]},{"@type":"BreadcrumbList","@id":"https:\/\/side-car.ca\/en\/404-2\/#breadcrumb","itemListElement":[{"@type":"ListItem","position":1,"name":"Accueil","item":"https:\/\/side-car.ca\/en\/"},{"@type":"ListItem","position":2,"name":"404"}]},{"@type":"WebSite","@id":"https:\/\/side-car.ca\/en\/#website","url":"https:\/\/side-car.ca\/en\/","name":"Agence Side-Car","description":"Nous sommes sp\u00e9cialis\u00e9s en communication, marketing et num\u00e9rique.","publisher":{"@id":"https:\/\/side-car.ca\/en\/#organization"},"alternateName":"Side-Car","potentialAction":[{"@type":"SearchAction","target":{"@type":"EntryPoint","urlTemplate":"https:\/\/side-car.ca\/en\/?s={search_term_string}"},"query-input":{"@type":"PropertyValueSpecification","valueRequired":true,"valueName":"search_term_string"}}],"inLanguage":"en-CA"},{"@type":"Organization","@id":"https:\/\/side-car.ca\/en\/#organization","name":"Side-Car","url":"https:\/\/side-car.ca\/en\/","logo":{"@type":"ImageObject","inLanguage":"en-CA","@id":"https:\/\/side-car.ca\/en\/#\/schema\/logo\/image\/","url":"https:\/\/side-car.ca\/wp-content\/uploads\/2024\/10\/Favicon.png","contentUrl":"https:\/\/side-car.ca\/wp-content\/uploads\/2024\/10\/Favicon.png","width":1920,"height":1920,"caption":"Side-Car"},"image":{"@id":"https:\/\/side-car.ca\/en\/#\/schema\/logo\/image\/"},"sameAs":["https:\/\/www.facebook.com\/AgenceSideCar","https:\/\/www.linkedin.com\/company\/agencesidecar\/","https:\/\/www.instagram.com\/sidecaragence\/"]}]}},"_links":{"self":[{"href":"https:\/\/side-car.ca\/en\/wp-json\/wp\/v2\/pages\/10233","targetHints":{"allow":["GET"]}}],"collection":[{"href":"https:\/\/side-car.ca\/en\/wp-json\/wp\/v2\/pages"}],"about":[{"href":"https:\/\/side-car.ca\/en\/wp-json\/wp\/v2\/types\/page"}],"author":[{"embeddable":true,"href":"https:\/\/side-car.ca\/en\/wp-json\/wp\/v2\/users\/1"}],"replies":[{"embeddable":true,"href":"https:\/\/side-car.ca\/en\/wp-json\/wp\/v2\/comments?post=10233"}],"version-history":[{"count":11,"href":"https:\/\/side-car.ca\/en\/wp-json\/wp\/v2\/pages\/10233\/revisions"}],"predecessor-version":[{"id":10251,"href":"https:\/\/side-car.ca\/en\/wp-json\/wp\/v2\/pages\/10233\/revisions\/10251"}],"wp:attachment":[{"href":"https:\/\/side-car.ca\/en\/wp-json\/wp\/v2\/media?parent=10233"}],"curies":[{"name":"wp","href":"https:\/\/api.w.org\/{rel}","templated":true}]}}